{"id":3774,"date":"2023-03-22T08:45:14","date_gmt":"2023-03-22T07:45:14","guid":{"rendered":"https:\/\/hg-medical.de\/?page_id=3774"},"modified":"2025-04-09T18:39:19","modified_gmt":"2025-04-09T16:39:19","slug":"imprint","status":"publish","type":"page","link":"https:\/\/hg-medical.de\/en\/imprint\/","title":{"rendered":"Imprint"},"content":{"rendered":"\t\t<div data-elementor-type=\"wp-page\" data-elementor-id=\"3774\" class=\"elementor elementor-3774\" data-elementor-post-type=\"page\">\n\t\t\t\t\t\t<section class=\"elementor-section elementor-top-section elementor-element elementor-element-8987d74 elementor-section-full_width elementor-section-height-default elementor-section-height-default\" data-id=\"8987d74\" data-element_type=\"section\" data-e-type=\"section\">\n\t\t\t\t\t\t<div class=\"elementor-container elementor-column-gap-no\">\n\t\t\t\t\t<div class=\"elementor-column elementor-col-100 elementor-top-column elementor-element elementor-element-3cb5b46\" data-id=\"3cb5b46\" data-element_type=\"column\" data-e-type=\"column\">\n\t\t\t<div class=\"elementor-widget-wrap elementor-element-populated\">\n\t\t\t\t\t\t<div class=\"elementor-element elementor-element-fdcd528 elementor-widget elementor-widget-dyncontel-template\" data-id=\"fdcd528\" data-element_type=\"widget\" data-e-type=\"widget\" data-widget_type=\"dyncontel-template.default\">\n\t\t\t\t<div class=\"elementor-widget-container\">\n\t\t\t\t\t\t\t<div data-elementor-type=\"page\" data-elementor-id=\"2135\" class=\"elementor elementor-2135 dce-elementor-rendering-id-1\" data-elementor-post-type=\"elementor_library\">\n\t\t\t\t\t\t<section class=\"elementor-section elementor-top-section elementor-element elementor-element-4a117be5 elementor-section-content-middle elementor-section-full_width elementor-section-height-default elementor-section-height-default\" data-id=\"4a117be5\" data-element_type=\"section\" data-e-type=\"section\" data-settings=\"{&quot;background_background&quot;:&quot;classic&quot;}\">\n\t\t\t\t\t\t<div class=\"elementor-container elementor-column-gap-no\">\n\t\t\t\t\t<div class=\"elementor-column elementor-col-100 elementor-top-column elementor-element elementor-element-6b93f8e2\" data-id=\"6b93f8e2\" data-element_type=\"column\" data-e-type=\"column\">\n\t\t\t<div class=\"elementor-widget-wrap elementor-element-populated\">\n\t\t\t\t\t\t<div class=\"dce-fix-background-loop elementor-element elementor-element-6aa606c elementor-widget elementor-widget-dce-flexible-content\" data-id=\"6aa606c\" data-element_type=\"widget\" data-e-type=\"widget\" data-widget_type=\"dce-flexible-content.default\">\n\t\t\t\t<div class=\"elementor-widget-container\">\n\t\t\t\t\t\t\t<div data-elementor-type=\"section\" data-elementor-id=\"3331\" class=\"elementor elementor-3331 dce-elementor-rendering-id-2\" data-elementor-post-type=\"elementor_library\">\n\t\t\t\t\t<section class=\"elementor-section elementor-top-section elementor-element elementor-element-50506aa elementor-section-height-min-height elementor-section-content-middle elementor-section-items-stretch elementor-section-boxed elementor-section-height-default\" data-id=\"50506aa\" data-element_type=\"section\" data-e-type=\"section\" data-settings=\"{&quot;background_background&quot;:&quot;classic&quot;}\">\n\t\t\t\t\t\t<div class=\"elementor-container elementor-column-gap-no\">\n\t\t\t\t\t<div data-dce-background-image-url=\"https:\/\/hg-medical.de\/wp-content\/uploads\/2021\/11\/210924_hg-medical_108-scaled.jpg\" class=\"elementor-column elementor-col-50 elementor-top-column elementor-element elementor-element-7b01606 elementor-invisible\" data-id=\"7b01606\" data-element_type=\"column\" data-e-type=\"column\" data-settings=\"{&quot;background_background&quot;:&quot;classic&quot;,&quot;animation&quot;:&quot;fadeIn&quot;}\">\n\t\t\t<div class=\"elementor-widget-wrap elementor-element-populated\">\n\t\t\t\t\t\t<div class=\"elementor-element elementor-element-26c4f73 elementor-hidden-desktop elementor-hidden-tablet elementor-widget elementor-widget-image\" data-id=\"26c4f73\" data-element_type=\"widget\" data-e-type=\"widget\" data-widget_type=\"image.default\">\n\t\t\t\t<div class=\"elementor-widget-container\">\n\t\t\t\t\t\t\t\t\t\t\t\t\t\t\t<img fetchpriority=\"high\" decoding=\"async\" width=\"800\" height=\"533\" src=\"https:\/\/hg-medical.de\/wp-content\/uploads\/2021\/11\/210924_hg-medical_108-1024x682.jpg\" class=\"attachment-large size-large wp-image-3239\" alt=\"\" srcset=\"https:\/\/hg-medical.de\/wp-content\/uploads\/2021\/11\/210924_hg-medical_108-1024x682.jpg 1024w, https:\/\/hg-medical.de\/wp-content\/uploads\/2021\/11\/210924_hg-medical_108-300x200.jpg 300w, https:\/\/hg-medical.de\/wp-content\/uploads\/2021\/11\/210924_hg-medical_108-768x512.jpg 768w, https:\/\/hg-medical.de\/wp-content\/uploads\/2021\/11\/210924_hg-medical_108-1536x1023.jpg 1536w, https:\/\/hg-medical.de\/wp-content\/uploads\/2021\/11\/210924_hg-medical_108-2048x1364.jpg 2048w\" sizes=\"(max-width: 800px) 100vw, 800px\" \/>\t\t\t\t\t\t\t\t\t\t\t\t\t\t\t<\/div>\n\t\t\t\t<\/div>\n\t\t\t\t\t<\/div>\n\t\t<\/div>\n\t\t\t\t<div class=\"elementor-column elementor-col-50 elementor-top-column elementor-element elementor-element-97317a9\" data-id=\"97317a9\" data-element_type=\"column\" data-e-type=\"column\">\n\t\t\t<div class=\"elementor-widget-wrap elementor-element-populated\">\n\t\t\t\t\t\t<div class=\"elementor-element elementor-element-d960a51 elementor-invisible elementor-widget elementor-widget-heading\" data-id=\"d960a51\" data-element_type=\"widget\" data-e-type=\"widget\" data-settings=\"{&quot;_animation&quot;:&quot;fadeIn&quot;,&quot;_animation_delay&quot;:200}\" data-widget_type=\"heading.default\">\n\t\t\t\t<div class=\"elementor-widget-container\">\n\t\t\t\t\t<h3 class=\"elementor-heading-title elementor-size-default\">Imprint<\/h3>\t\t\t\t<\/div>\n\t\t\t\t<\/div>\n\t\t\t\t\t<\/div>\n\t\t<\/div>\n\t\t\t\t\t<\/div>\n\t\t<\/section>\n\t\t\t\t<\/div>\n\t\t\t\t<div data-elementor-type=\"section\" data-elementor-id=\"2420\" class=\"elementor elementor-2420 dce-elementor-rendering-id-3\" data-elementor-post-type=\"elementor_library\">\n\t\t\t\t\t<section data-dce-background-color=\"#ffffff\" class=\"elementor-section elementor-top-section elementor-element elementor-element-5d14044b elementor-section-content-middle elementor-section-boxed elementor-section-height-default elementor-section-height-default\" data-id=\"5d14044b\" data-element_type=\"section\" data-e-type=\"section\" data-settings=\"{&quot;background_background&quot;:&quot;classic&quot;}\">\n\t\t\t\t\t\t<div class=\"elementor-container elementor-column-gap-wider\">\n\t\t\t\t\t<div class=\"elementor-column elementor-col-100 elementor-top-column elementor-element elementor-element-395d6ee8\" data-id=\"395d6ee8\" data-element_type=\"column\" data-e-type=\"column\">\n\t\t\t<div class=\"elementor-widget-wrap elementor-element-populated\">\n\t\t\t\t\t\t<div class=\"elementor-element elementor-element-ca2a472 elementor-widget elementor-widget-dyncontel-acf\" data-id=\"ca2a472\" data-element_type=\"widget\" data-e-type=\"widget\" data-settings=\"{&quot;acf_field_list&quot;:&quot;description&quot;,&quot;acf_type&quot;:&quot;textarea&quot;}\" data-widget_type=\"dyncontel-acf.default\">\n\t\t\t\t<div class=\"elementor-widget-container\">\n\t\t\t\t\t<div class=\"dynamic-content-for-elementor-acf \"><p>hg medical GmbH<br \/>\nGewerbegebiet 16<br \/>\n82399 Raisting<\/p>\n<p>Vertreten durch:<br \/>\nCraig Bluett \/ Michael Bracker<\/p>\n<p><strong>Kontakt:<\/strong><\/p>\n<p>Telefon: +49 88 07 \u2013 214 343 \u2013 0<br \/>\nTelefax: +49 88 07 \u2013 214 343 \u2013 43<br \/>\nE-Mail: info@hg-medical.de<br \/>\nAngaben gem\u00e4\u00df \u00a7 5 TMG:<\/p>\n<p><strong>Registereintrag:<\/strong><\/p>\n<p>Eintragung im Handelsregister.<br \/>\nRegistergericht: M\u00fcnchen<br \/>\nRegisternummer: 167895<\/p>\n<p><strong>Umsatzsteuer-ID:<\/strong><\/p>\n<p>Umsatzsteuer-Identifikationsnummer gem\u00e4\u00df \u00a727a Umsatzsteuergesetz: DE361985123<br \/>\nBerufsbezeichnung: Dienstleistungsunternehmen<br \/>\nZust\u00e4ndige Kammer: IHK<br \/>\nVerliehen durch: M\u00fcnchen, Bayern<\/p>\n<p><strong>Hauftungsausschluss:<\/strong><\/p>\n<p><strong>Haftung f\u00fcr Inhalte<\/strong><\/p>\n<p>Die Inhalte unserer Seiten wurden mit gr\u00f6\u00dfter Sorgfalt erstellt. F\u00fcr die Richtigkeit, Vollst\u00e4ndigkeit und Aktualit\u00e4t der Inhalte k\u00f6nnen wir jedoch keine Gew\u00e4hr \u00fcbernehmen. Als Diensteanbieter sind wir gem\u00e4\u00df \u00a7 7 Abs.1 TMG f\u00fcr eigene Inhalte auf diesen Seiten nach den allgemeinen Gesetzen verantwortlich. Nach \u00a7\u00a7 8 bis 10 TMG sind wir als Diensteanbieter jedoch nicht verpflichtet, \u00fcbermittelte oder gespeicherte fremde Informationen zu \u00fcberwachen oder nach Umst\u00e4nden zu forschen, die auf eine rechtswidrige T\u00e4tigkeit hinweisen. Verpflichtungen zur Entfernung oder Sperrung der Nutzung von Informationen nach den allgemeinen Gesetzen bleiben hiervon unber\u00fchrt. Eine diesbez\u00fcgliche Haftung ist jedoch erst ab dem Zeitpunkt der Kenntnis einer konkreten Rechtsverletzung m\u00f6glich. Bei Bekanntwerden von entsprechenden Rechtsverletzungen werden wir diese Inhalte umgehend entfernen.<\/p>\n<p><strong>Haftung f\u00fcr Links<\/strong><\/p>\n<p>Unser Angebot enth\u00e4lt Links zu externen Webseiten Dritter, auf deren Inhalte wir keinen Einfluss haben. Deshalb k\u00f6nnen wir f\u00fcr diese fremden Inhalte auch keine Gew\u00e4hr \u00fcbernehmen. F\u00fcr die Inhalte der verlinkten Seiten ist stets der jeweilige Anbieter oder Betreiber der Seiten verantwortlich. Die verlinkten Seiten wurden zum Zeitpunkt der Verlinkung auf m\u00f6gliche Rechtsverst\u00f6\u00dfe \u00fcberpr\u00fcft. Rechtswidrige Inhalte waren zum Zeitpunkt der Verlinkung nicht erkennbar. Eine permanente inhaltliche Kontrolle der verlinkten Seiten ist jedoch ohne konkrete Anhaltspunkte einer Rechtsverletzung nicht zumutbar. Bei Bekanntwerden von Rechtsverletzungen werden wir derartige Links umgehend entfernen.<\/p>\n<p><strong>Urheberrecht<\/strong><\/p>\n<p>Die durch die Seitenbetreiber erstellten Inhalte und Werke auf diesen Seiten unterliegen dem deutschen Urheberrecht. Die Vervielf\u00e4ltigung, Bearbeitung, Verbreitung und jede Art der Verwertung au\u00dferhalb der Grenzen des Urheberrechtes bed\u00fcrfen der schriftlichen Zustimmung des jeweiligen Autors bzw. Erstellers. Downloads und Kopien dieser Seite sind nur f\u00fcr den privaten, nicht kommerziellen Gebrauch gestattet. Soweit die Inhalte auf dieser Seite nicht vom Betreiber erstellt wurden, werden die Urheberrechte Dritter beachtet. Insbesondere werden Inhalte Dritter als solche gekennzeichnet. Sollten Sie trotzdem auf eine Urheberrechtsverletzung aufmerksam werden, bitten wir um einen entsprechenden Hinweis. Bei Bekanntwerden von Rechtsverletzungen werden wir derartige Inhalte umgehend entfernen.<\/p>\n<p><strong>Datenschutz<\/strong><\/p>\n<p>Die Nutzung unserer Webseite ist in der Regel ohne Angabe personenbezogener Daten m\u00f6glich. Soweit auf unseren Seiten personenbezogene Daten (beispielsweise Name, Anschrift oder eMail-Adressen) erhoben werden, erfolgt dies, soweit m\u00f6glich, stets auf freiwilliger Basis. Diese Daten werden ohne Ihre ausdr\u00fcckliche Zustimmung nicht an Dritte weitergegeben.<\/p>\n<p>Wir weisen darauf hin, dass die Daten\u00fcbertragung im Internet (z.B. bei der Kommunikation per E-Mail) Sicherheitsl\u00fccken aufweisen kann. Ein l\u00fcckenloser Schutz der Daten vor dem Zugriff durch Dritte ist nicht m\u00f6glich.<\/p>\n<p>Der Nutzung von im Rahmen der Impressumspflicht ver\u00f6ffentlichten Kontaktdaten durch Dritte zur \u00dcbersendung von nicht ausdr\u00fccklich angeforderter Werbung und Informationsmaterialien wird hiermit ausdr\u00fccklich widersprochen. Die Betreiber der Seiten behalten sich ausdr\u00fccklich rechtliche Schritte im Falle der unverlangten Zusendung von Werbeinformationen, etwa durch Spam-Mails, vor.<\/p>\n<p><strong>Whistleblowing \/ Fehlverhalten melden<\/strong><\/p>\n<p>Im Rahmen der EU-Whistleblower Richtlinie k\u00f6nnen Sie hier Fehlverhalten im Bezug mit hg medical melden.<br \/>\n<a href=\"https:\/\/hg-medical.personiowhistleblowing.com\/\" target=\"_blank\" rel=\"noopener\">https:\/\/hg-medical.personiowhistleblowing.com\/<\/a><\/p>\n<p><strong>Concept, Design, Development<\/strong><br \/>\nTrendform GmbH \u00b7 Raisting \u00b7 <a href=\"https:\/\/trendform.ag\" target=\"_blank\" rel=\"noopener\">trendform.ag<\/a><\/p>\n<\/div>\t\t\t\t<\/div>\n\t\t\t\t<\/div>\n\t\t<!-- dce invisible element a51a527 --><!-- dce invisible element 09252ba --><!-- dce invisible element 12df15c -->\t\t\t<\/div>\n\t\t<\/div>\n\t\t\t\t\t<\/div>\n\t\t<\/section>\n\t\t\t\t<\/div>\n\t\t\t\t\t\t<\/div>\n\t\t\t\t<\/div>\n\t\t\t\t\t<\/div>\n\t\t<\/div>\n\t\t\t\t\t<\/div>\n\t\t<\/section>\n\t\t\t\t<\/div>\n\t\t\t\t\t\t<\/div>\n\t\t\t\t<\/div>\n\t\t\t\t\t<\/div>\n\t\t<\/div>\n\t\t\t\t\t<\/div>\n\t\t<\/section>\n\t\t\t\t<\/div>\n\t\t","protected":false},"excerpt":{"rendered":"<p>FindoutaboutabelWe hg medical<\/p>\n","protected":false},"author":1,"featured_media":3239,"parent":0,"menu_order":0,"comment_status":"closed","ping_status":"closed","template":"","meta":{"_acf_changed":false,"footnotes":""},"class_list":["post-3774","page","type-page","status-publish","has-post-thumbnail","hentry"],"acf":[],"yoast_head":"<!-- This site is optimized with the Yoast SEO plugin v27.3 - https:\/\/yoast.com\/product\/yoast-seo-wordpress\/ -->\n<title>Imprint - hg medical GmbH<\/title>\n<meta name=\"robots\" content=\"index, follow, max-snippet:-1, max-image-preview:large, max-video-preview:-1\" \/>\n<link rel=\"canonical\" href=\"https:\/\/hg-medical.de\/en\/imprint\/\" \/>\n<meta property=\"og:locale\" content=\"en_US\" \/>\n<meta property=\"og:type\" content=\"article\" \/>\n<meta property=\"og:title\" content=\"Imprint - hg medical GmbH\" \/>\n<meta property=\"og:description\" content=\"FindoutaboutabelWe hg medical\" \/>\n<meta property=\"og:url\" content=\"https:\/\/hg-medical.de\/en\/imprint\/\" \/>\n<meta property=\"og:site_name\" content=\"hg medical GmbH\" \/>\n<meta property=\"article:publisher\" content=\"https:\/\/www.facebook.com\/hgmedicalgmbh\" \/>\n<meta property=\"article:modified_time\" content=\"2025-04-09T16:39:19+00:00\" \/>\n<meta property=\"og:image\" content=\"https:\/\/hg-medical.de\/wp-content\/uploads\/2021\/11\/210924_hg-medical_108-scaled.jpg\" \/>\n\t<meta property=\"og:image:width\" content=\"2560\" \/>\n\t<meta property=\"og:image:height\" content=\"1705\" \/>\n\t<meta property=\"og:image:type\" content=\"image\/jpeg\" \/>\n<meta name=\"twitter:card\" content=\"summary_large_image\" \/>\n<meta name=\"twitter:label1\" content=\"Est. reading time\" \/>\n\t<meta name=\"twitter:data1\" content=\"1 minute\" \/>\n<script type=\"application\/ld+json\" class=\"yoast-schema-graph\">{\"@context\":\"https:\\\/\\\/schema.org\",\"@graph\":[{\"@type\":\"WebPage\",\"@id\":\"https:\\\/\\\/hg-medical.de\\\/en\\\/imprint\\\/\",\"url\":\"https:\\\/\\\/hg-medical.de\\\/en\\\/imprint\\\/\",\"name\":\"Imprint - hg medical GmbH\",\"isPartOf\":{\"@id\":\"https:\\\/\\\/hg-medical.de\\\/#website\"},\"primaryImageOfPage\":{\"@id\":\"https:\\\/\\\/hg-medical.de\\\/en\\\/imprint\\\/#primaryimage\"},\"image\":{\"@id\":\"https:\\\/\\\/hg-medical.de\\\/en\\\/imprint\\\/#primaryimage\"},\"thumbnailUrl\":\"https:\\\/\\\/hg-medical.de\\\/wp-content\\\/uploads\\\/2021\\\/11\\\/210924_hg-medical_108-scaled.jpg\",\"datePublished\":\"2023-03-22T07:45:14+00:00\",\"dateModified\":\"2025-04-09T16:39:19+00:00\",\"breadcrumb\":{\"@id\":\"https:\\\/\\\/hg-medical.de\\\/en\\\/imprint\\\/#breadcrumb\"},\"inLanguage\":\"en-US\",\"potentialAction\":[{\"@type\":\"ReadAction\",\"target\":[\"https:\\\/\\\/hg-medical.de\\\/en\\\/imprint\\\/\"]}]},{\"@type\":\"ImageObject\",\"inLanguage\":\"en-US\",\"@id\":\"https:\\\/\\\/hg-medical.de\\\/en\\\/imprint\\\/#primaryimage\",\"url\":\"https:\\\/\\\/hg-medical.de\\\/wp-content\\\/uploads\\\/2021\\\/11\\\/210924_hg-medical_108-scaled.jpg\",\"contentUrl\":\"https:\\\/\\\/hg-medical.de\\\/wp-content\\\/uploads\\\/2021\\\/11\\\/210924_hg-medical_108-scaled.jpg\",\"width\":2560,\"height\":1705},{\"@type\":\"BreadcrumbList\",\"@id\":\"https:\\\/\\\/hg-medical.de\\\/en\\\/imprint\\\/#breadcrumb\",\"itemListElement\":[{\"@type\":\"ListItem\",\"position\":1,\"name\":\"hg medical\",\"item\":\"https:\\\/\\\/hg-medical.de\\\/\"},{\"@type\":\"ListItem\",\"position\":2,\"name\":\"Imprint\"}]},{\"@type\":\"WebSite\",\"@id\":\"https:\\\/\\\/hg-medical.de\\\/#website\",\"url\":\"https:\\\/\\\/hg-medical.de\\\/\",\"name\":\"hg medical GmbH\",\"description\":\"\",\"publisher\":{\"@id\":\"https:\\\/\\\/hg-medical.de\\\/#organization\"},\"potentialAction\":[{\"@type\":\"SearchAction\",\"target\":{\"@type\":\"EntryPoint\",\"urlTemplate\":\"https:\\\/\\\/hg-medical.de\\\/?s={search_term_string}\"},\"query-input\":{\"@type\":\"PropertyValueSpecification\",\"valueRequired\":true,\"valueName\":\"search_term_string\"}}],\"inLanguage\":\"en-US\"},{\"@type\":\"Organization\",\"@id\":\"https:\\\/\\\/hg-medical.de\\\/#organization\",\"name\":\"hg medical GmbH\",\"url\":\"https:\\\/\\\/hg-medical.de\\\/\",\"logo\":{\"@type\":\"ImageObject\",\"inLanguage\":\"en-US\",\"@id\":\"https:\\\/\\\/hg-medical.de\\\/#\\\/schema\\\/logo\\\/image\\\/\",\"url\":\"https:\\\/\\\/hg-medical.de\\\/wp-content\\\/uploads\\\/2023\\\/03\\\/hg-medical_logo_negativ_v2.png\",\"contentUrl\":\"https:\\\/\\\/hg-medical.de\\\/wp-content\\\/uploads\\\/2023\\\/03\\\/hg-medical_logo_negativ_v2.png\",\"width\":800,\"height\":252,\"caption\":\"hg medical GmbH\"},\"image\":{\"@id\":\"https:\\\/\\\/hg-medical.de\\\/#\\\/schema\\\/logo\\\/image\\\/\"},\"sameAs\":[\"https:\\\/\\\/www.facebook.com\\\/hgmedicalgmbh\",\"https:\\\/\\\/www.instagram.com\\\/hgmedical\\\/\",\"https:\\\/\\\/www.linkedin.com\\\/company\\\/hg-medical-gmbh-usa\\\/\",\"https:\\\/\\\/www.xing.com\\\/pages\\\/hg-medical\"]}]}<\/script>\n<!-- \/ Yoast SEO plugin. -->","yoast_head_json":{"title":"Imprint - hg medical GmbH","robots":{"index":"index","follow":"follow","max-snippet":"max-snippet:-1","max-image-preview":"max-image-preview:large","max-video-preview":"max-video-preview:-1"},"canonical":"https:\/\/hg-medical.de\/en\/imprint\/","og_locale":"en_US","og_type":"article","og_title":"Imprint - hg medical GmbH","og_description":"FindoutaboutabelWe hg medical","og_url":"https:\/\/hg-medical.de\/en\/imprint\/","og_site_name":"hg medical GmbH","article_publisher":"https:\/\/www.facebook.com\/hgmedicalgmbh","article_modified_time":"2025-04-09T16:39:19+00:00","og_image":[{"width":2560,"height":1705,"url":"https:\/\/hg-medical.de\/wp-content\/uploads\/2021\/11\/210924_hg-medical_108-scaled.jpg","type":"image\/jpeg"}],"twitter_card":"summary_large_image","twitter_misc":{"Est. reading time":"1 minute"},"schema":{"@context":"https:\/\/schema.org","@graph":[{"@type":"WebPage","@id":"https:\/\/hg-medical.de\/en\/imprint\/","url":"https:\/\/hg-medical.de\/en\/imprint\/","name":"Imprint - hg medical GmbH","isPartOf":{"@id":"https:\/\/hg-medical.de\/#website"},"primaryImageOfPage":{"@id":"https:\/\/hg-medical.de\/en\/imprint\/#primaryimage"},"image":{"@id":"https:\/\/hg-medical.de\/en\/imprint\/#primaryimage"},"thumbnailUrl":"https:\/\/hg-medical.de\/wp-content\/uploads\/2021\/11\/210924_hg-medical_108-scaled.jpg","datePublished":"2023-03-22T07:45:14+00:00","dateModified":"2025-04-09T16:39:19+00:00","breadcrumb":{"@id":"https:\/\/hg-medical.de\/en\/imprint\/#breadcrumb"},"inLanguage":"en-US","potentialAction":[{"@type":"ReadAction","target":["https:\/\/hg-medical.de\/en\/imprint\/"]}]},{"@type":"ImageObject","inLanguage":"en-US","@id":"https:\/\/hg-medical.de\/en\/imprint\/#primaryimage","url":"https:\/\/hg-medical.de\/wp-content\/uploads\/2021\/11\/210924_hg-medical_108-scaled.jpg","contentUrl":"https:\/\/hg-medical.de\/wp-content\/uploads\/2021\/11\/210924_hg-medical_108-scaled.jpg","width":2560,"height":1705},{"@type":"BreadcrumbList","@id":"https:\/\/hg-medical.de\/en\/imprint\/#breadcrumb","itemListElement":[{"@type":"ListItem","position":1,"name":"hg medical","item":"https:\/\/hg-medical.de\/"},{"@type":"ListItem","position":2,"name":"Imprint"}]},{"@type":"WebSite","@id":"https:\/\/hg-medical.de\/#website","url":"https:\/\/hg-medical.de\/","name":"hg medical GmbH","description":"","publisher":{"@id":"https:\/\/hg-medical.de\/#organization"},"potentialAction":[{"@type":"SearchAction","target":{"@type":"EntryPoint","urlTemplate":"https:\/\/hg-medical.de\/?s={search_term_string}"},"query-input":{"@type":"PropertyValueSpecification","valueRequired":true,"valueName":"search_term_string"}}],"inLanguage":"en-US"},{"@type":"Organization","@id":"https:\/\/hg-medical.de\/#organization","name":"hg medical GmbH","url":"https:\/\/hg-medical.de\/","logo":{"@type":"ImageObject","inLanguage":"en-US","@id":"https:\/\/hg-medical.de\/#\/schema\/logo\/image\/","url":"https:\/\/hg-medical.de\/wp-content\/uploads\/2023\/03\/hg-medical_logo_negativ_v2.png","contentUrl":"https:\/\/hg-medical.de\/wp-content\/uploads\/2023\/03\/hg-medical_logo_negativ_v2.png","width":800,"height":252,"caption":"hg medical GmbH"},"image":{"@id":"https:\/\/hg-medical.de\/#\/schema\/logo\/image\/"},"sameAs":["https:\/\/www.facebook.com\/hgmedicalgmbh","https:\/\/www.instagram.com\/hgmedical\/","https:\/\/www.linkedin.com\/company\/hg-medical-gmbh-usa\/","https:\/\/www.xing.com\/pages\/hg-medical"]}]}},"_links":{"self":[{"href":"https:\/\/hg-medical.de\/en\/wp-json\/wp\/v2\/pages\/3774","targetHints":{"allow":["GET"]}}],"collection":[{"href":"https:\/\/hg-medical.de\/en\/wp-json\/wp\/v2\/pages"}],"about":[{"href":"https:\/\/hg-medical.de\/en\/wp-json\/wp\/v2\/types\/page"}],"author":[{"embeddable":true,"href":"https:\/\/hg-medical.de\/en\/wp-json\/wp\/v2\/users\/1"}],"replies":[{"embeddable":true,"href":"https:\/\/hg-medical.de\/en\/wp-json\/wp\/v2\/comments?post=3774"}],"version-history":[{"count":10,"href":"https:\/\/hg-medical.de\/en\/wp-json\/wp\/v2\/pages\/3774\/revisions"}],"predecessor-version":[{"id":4845,"href":"https:\/\/hg-medical.de\/en\/wp-json\/wp\/v2\/pages\/3774\/revisions\/4845"}],"wp:featuredmedia":[{"embeddable":true,"href":"https:\/\/hg-medical.de\/en\/wp-json\/wp\/v2\/media\/3239"}],"wp:attachment":[{"href":"https:\/\/hg-medical.de\/en\/wp-json\/wp\/v2\/media?parent=3774"}],"curies":[{"name":"wp","href":"https:\/\/api.w.org\/{rel}","templated":true}]}}